{"id":3298,"date":"2025-07-28T09:06:31","date_gmt":"2025-07-28T09:06:31","guid":{"rendered":"https:\/\/ingenieurbuero-gok.de\/?page_id=3298"},"modified":"2026-01-09T20:31:54","modified_gmt":"2026-01-09T20:31:54","slug":"1007_neubau_eines_einfamilienhauses_anbau","status":"publish","type":"page","link":"https:\/\/ingenieurbuero-gok.de\/en\/projekte\/1007_neubau_eines_einfamilienhauses_anbau\/","title":{"rendered":"1007_Neubau_eines_einfamilienhauses_anbau"},"content":{"rendered":"<body>\t\t<div data-elementor-type=\"wp-page\" data-elementor-id=\"3298\" class=\"elementor elementor-3298\">\n\t\t\t\t<div class=\"elementor-element elementor-element-a24224d e-flex e-con-boxed e-con e-parent\" data-id=\"a24224d\" data-element_type=\"container\" data-e-type=\"container\">\n\t\t\t\t\t<div class=\"e-con-inner\">\n\t\t<div class=\"elementor-element elementor-element-690e959 e-con-full e-flex e-con e-child\" data-id=\"690e959\" data-element_type=\"container\" data-e-type=\"container\">\n\t\t\t\t<div class=\"elementor-element elementor-element-cecd16e elementor-arrows-position-inside elementor-pagination-position-outside elementor-widget elementor-widget-image-carousel\" data-id=\"cecd16e\" data-element_type=\"widget\" data-e-type=\"widget\" data-settings='{\"slides_to_show\":\"1\",\"navigation\":\"both\",\"autoplay\":\"yes\",\"pause_on_hover\":\"yes\",\"pause_on_interaction\":\"yes\",\"autoplay_speed\":5000,\"infinite\":\"yes\",\"effect\":\"slide\",\"speed\":500}' data-widget_type=\"image-carousel.default\">\n\t\t\t\t<div class=\"elementor-widget-container\">\n\t\t\t\t\t\t\t<div class=\"elementor-image-carousel-wrapper swiper\" role=\"region\" aria-roledescription=\"carousel\" aria-label=\"Bild Karussell\" dir=\"ltr\">\n\t\t\t<div class=\"elementor-image-carousel swiper-wrapper\" aria-live=\"off\">\n\t\t\t\t\t\t\t\t<div class=\"swiper-slide\" role=\"group\" aria-roledescription=\"slide\" aria-label=\"1 von 5\"><figure class=\"swiper-slide-inner\"><img decoding=\"async\" class=\"swiper-slide-image\" src=\"https:\/\/i0.wp.com\/ingenieurbuero-gok.de\/wp-content\/uploads\/2025\/07\/IMG_20250530_162018-1-scaled.jpg?fit=2560%2C1920&amp;ssl=1\" alt=\"IMG_20250530_162018\" loading=\"lazy\"><\/figure><\/div><div class=\"swiper-slide\" role=\"group\" aria-roledescription=\"slide\" aria-label=\"2 von 5\"><figure class=\"swiper-slide-inner\"><img decoding=\"async\" class=\"swiper-slide-image\" src=\"https:\/\/i0.wp.com\/ingenieurbuero-gok.de\/wp-content\/uploads\/2025\/07\/IMG-20220511-WA0022.jpg?fit=861%2C706&amp;ssl=1\" alt=\"IMG-20220511-WA0022\" loading=\"lazy\"><\/figure><\/div><div class=\"swiper-slide\" role=\"group\" aria-roledescription=\"slide\" aria-label=\"3 von 5\"><figure class=\"swiper-slide-inner\"><img decoding=\"async\" class=\"swiper-slide-image\" src=\"https:\/\/i0.wp.com\/ingenieurbuero-gok.de\/wp-content\/uploads\/2025\/07\/Unbenannt-1.webp?fit=1600%2C1593&amp;ssl=1\" alt=\"Schnitt-1.webp\" loading=\"lazy\"><\/figure><\/div><div class=\"swiper-slide\" role=\"group\" aria-roledescription=\"slide\" aria-label=\"4 von 5\"><figure class=\"swiper-slide-inner\"><img decoding=\"async\" class=\"swiper-slide-image\" src=\"https:\/\/i0.wp.com\/ingenieurbuero-gok.de\/wp-content\/uploads\/2025\/10\/IMG_20251006_160705-scaled.jpg?fit=2560%2C1920&amp;ssl=1\" alt=\"IMG_20251006_160705\" loading=\"lazy\"><\/figure><\/div><div class=\"swiper-slide\" role=\"group\" aria-roledescription=\"slide\" aria-label=\"5 von 5\"><figure class=\"swiper-slide-inner\"><img decoding=\"async\" class=\"swiper-slide-image\" src=\"https:\/\/i0.wp.com\/ingenieurbuero-gok.de\/wp-content\/uploads\/2025\/10\/IMG_20251006_174012-scaled.jpg?fit=2560%2C1920&amp;ssl=1\" alt=\"IMG_20251006_174012\" loading=\"lazy\"><\/figure><\/div>\t\t\t<\/div>\n\t\t\t\t\t\t\t\t\t\t\t\t<div class=\"elementor-swiper-button elementor-swiper-button-prev\" role=\"button\" tabindex=\"0\">\n\t\t\t\t\t\t<i aria-hidden=\"true\" class=\"eicon-chevron-left\"><\/i>\t\t\t\t\t<\/div>\n\t\t\t\t\t<div class=\"elementor-swiper-button elementor-swiper-button-next\" role=\"button\" tabindex=\"0\">\n\t\t\t\t\t\t<i aria-hidden=\"true\" class=\"eicon-chevron-right\"><\/i>\t\t\t\t\t<\/div>\n\t\t\t\t\n\t\t\t\t\t\t\t\t\t<div class=\"swiper-pagination\"><\/div>\n\t\t\t\t\t\t\t\t\t<\/div>\n\t\t\t\t\t\t<\/div>\n\t\t\t\t<\/div>\n\t\t\t\t<\/div>\n\t\t<div class=\"elementor-element elementor-element-af86e8e e-con-full e-flex e-con e-child\" data-id=\"af86e8e\" data-element_type=\"container\" data-e-type=\"container\">\n\t\t\t\t<div class=\"elementor-element elementor-element-b3b3be5 elementor-widget elementor-widget-heading\" data-id=\"b3b3be5\" data-element_type=\"widget\" data-e-type=\"widget\" data-widget_type=\"heading.default\">\n\t\t\t\t<div class=\"elementor-widget-container\">\n\t\t\t\t\t<h5 class=\"elementor-heading-title elementor-size-default\">Project Details<\/h5>\t\t\t\t<\/div>\n\t\t\t\t<\/div>\n\t\t\t\t<div class=\"elementor-element elementor-element-51c266e elementor-widget elementor-widget-text-editor\" data-id=\"51c266e\" data-element_type=\"widget\" data-e-type=\"widget\" data-widget_type=\"text-editor.default\">\n\t\t\t\t<div class=\"elementor-widget-container\">\n\t\t\t\t\t\t\t\t\t<p><span style=\"text-decoration: underline;\">Project:<\/span><br>Extension of a single-family home to the existing residential building<\/p><p><span style=\"text-decoration: underline;\">Description:<\/span><br>New construction of a single-family house with three floors and a basement in solid construction with approx. 260m\u00b2 of living space<\/p><p><span style=\"text-decoration: underline;\">Services:<\/span><br>Object planning, structural planning, thermal insulation, sound insulation, reinforcement plans, construction management<\/p><p><span style=\"text-decoration: underline;\">Projekt Duration:<\/span><br>2022-2023<\/p><p><span style=\"text-decoration: underline;\">Address:<\/span><br>R\u00fcsselsheim-Ha\u00dfloch, Hessen<\/p>\t\t\t\t\t\t\t\t<\/div>\n\t\t\t\t<\/div>\n\t\t\t\t<div class=\"elementor-element elementor-element-9f1b42a elementor-widget elementor-widget-html\" data-id=\"9f1b42a\" data-element_type=\"widget\" data-e-type=\"widget\" data-widget_type=\"html.default\">\n\t\t\t\t<div class=\"elementor-widget-container\">\n\t\t\t\t\t<script>\n  document.addEventListener('DOMContentLoaded', function() {\n    const backBtn = document.getElementById('custom-back-button');\n    if (backBtn) {\n      backBtn.addEventListener('click', function(e) {\n        e.preventDefault();\n        if (document.referrer && document.referrer !== window.location.href) {\n          history.back();\n        } else {\n          window.location.href = '\/projekte'; \/\/ Change to your fallback\n        }\n      });\n    }\n  });\n<\/script>\n\n\t\t\t\t<\/div>\n\t\t\t\t<\/div>\n\t\t\t\t<div class=\"elementor-element elementor-element-b182d49 elementor-absolute back-button elementor-widget elementor-widget-button\" data-id=\"b182d49\" data-element_type=\"widget\" data-e-type=\"widget\" id=\"my-button\" data-settings='{\"_position\":\"absolute\"}' data-widget_type=\"button.default\">\n\t\t\t\t<div class=\"elementor-widget-container\">\n\t\t\t\t\t\t\t\t\t<div class=\"elementor-button-wrapper\">\n\t\t\t\t\t<a class=\"elementor-button elementor-button-link elementor-size-sm\" href=\"#\" id=\"custom-back-button\">\n\t\t\t\t\t\t<span class=\"elementor-button-content-wrapper\">\n\t\t\t\t\t\t<span class=\"elementor-button-icon\">\n\t\t\t\t<i aria-hidden=\"true\" class=\"icon icon-arrow-left\"><\/i>\t\t\t<\/span>\n\t\t\t\t\t\t\t\t\t<span class=\"elementor-button-text\">Back<\/span>\n\t\t\t\t\t<\/span>\n\t\t\t\t\t<\/a>\n\t\t\t\t<\/div>\n\t\t\t\t\t\t\t\t<\/div>\n\t\t\t\t<\/div>\n\t\t\t\t<\/div>\n\t\t\t\t\t<\/div>\n\t\t\t\t<\/div>\n\t\t<div class=\"elementor-element elementor-element-14466d4 e-flex e-con-boxed e-con e-parent\" data-id=\"14466d4\" data-element_type=\"container\" data-e-type=\"container\">\n\t\t\t\t\t<div class=\"e-con-inner\">\n\t\t\t\t<div class=\"elementor-element elementor-element-e886de0 elementor-widget elementor-widget-spacer\" data-id=\"e886de0\" data-element_type=\"widget\" data-e-type=\"widget\" data-widget_type=\"spacer.default\">\n\t\t\t\t<div class=\"elementor-widget-container\">\n\t\t\t\t\t\t\t<div class=\"elementor-spacer\">\n\t\t\t<div class=\"elementor-spacer-inner\"><\/div>\n\t\t<\/div>\n\t\t\t\t\t\t<\/div>\n\t\t\t\t<\/div>\n\t\t\t\t<div class=\"elementor-element elementor-element-723e23a elementor-widget__width-initial elementor-widget elementor-widget-spacer\" data-id=\"723e23a\" data-element_type=\"widget\" data-e-type=\"widget\" data-widget_type=\"spacer.default\">\n\t\t\t\t<div class=\"elementor-widget-container\">\n\t\t\t\t\t\t\t<div class=\"elementor-spacer\">\n\t\t\t<div class=\"elementor-spacer-inner\"><\/div>\n\t\t<\/div>\n\t\t\t\t\t\t<\/div>\n\t\t\t\t<\/div>\n\t\t\t\t<div class=\"elementor-element elementor-element-59baef8 elementor-widget elementor-widget-spacer\" data-id=\"59baef8\" data-element_type=\"widget\" data-e-type=\"widget\" data-widget_type=\"spacer.default\">\n\t\t\t\t<div class=\"elementor-widget-container\">\n\t\t\t\t\t\t\t<div class=\"elementor-spacer\">\n\t\t\t<div class=\"elementor-spacer-inner\"><\/div>\n\t\t<\/div>\n\t\t\t\t\t\t<\/div>\n\t\t\t\t<\/div>\n\t\t\t\t<div class=\"elementor-element elementor-element-db47ec4 elementor-widget elementor-widget-heading\" data-id=\"db47ec4\" data-element_type=\"widget\" data-e-type=\"widget\" data-widget_type=\"heading.default\">\n\t\t\t\t<div class=\"elementor-widget-container\">\n\t\t\t\t\t<h5 class=\"elementor-heading-title elementor-size-default\">Similar Projects<\/h5>\t\t\t\t<\/div>\n\t\t\t\t<\/div>\n\t\t\t\t\t<\/div>\n\t\t\t\t<\/div>\n\t\t<div class=\"elementor-element elementor-element-209cd0c e-flex e-con-boxed e-con e-parent\" data-id=\"209cd0c\" data-element_type=\"container\" data-e-type=\"container\">\n\t\t\t\t\t<div class=\"e-con-inner\">\n\t\t<div class=\"elementor-element elementor-element-ee93c1d e-con-full e-flex e-con e-child\" data-id=\"ee93c1d\" data-element_type=\"container\" data-e-type=\"container\">\n\t\t\t\t<div class=\"elementor-element elementor-element-eb1f1ee elementor-widget elementor-widget-text-editor\" data-id=\"eb1f1ee\" data-element_type=\"widget\" data-e-type=\"widget\" data-widget_type=\"text-editor.default\">\n\t\t\t\t<div class=\"elementor-widget-container\">\n\t\t\t\t\t\t\t\t\t<h6 style=\"text-align: center;\">Conversion and extension of a single-family house<\/h6>\t\t\t\t\t\t\t\t<\/div>\n\t\t\t\t<\/div>\n\t\t\t\t<div class=\"elementor-element elementor-element-09e0bc1 elementor-align-justify Image-Button elementor-widget elementor-widget-button\" data-id=\"09e0bc1\" data-element_type=\"widget\" data-e-type=\"widget\" data-widget_type=\"button.default\">\n\t\t\t\t<div class=\"elementor-widget-container\">\n\t\t\t\t\t\t\t\t\t<div class=\"elementor-button-wrapper\">\n\t\t\t\t\t<a class=\"elementor-button elementor-button-link elementor-size-sm\" href=\"https:\/\/ingenieurbuero-gok.de\/en\/projekte\/1022_Umbau_und_Aufstockung_Einfamilienhaus\/\">\n\t\t\t\t\t\t<span class=\"elementor-button-content-wrapper\">\n\t\t\t\t\t\t\t\t\t<span class=\"elementor-button-text\">Project Details<\/span>\n\t\t\t\t\t<\/span>\n\t\t\t\t\t<\/a>\n\t\t\t\t<\/div>\n\t\t\t\t\t\t\t\t<\/div>\n\t\t\t\t<\/div>\n\t\t\t\t<\/div>\n\t\t<div class=\"elementor-element elementor-element-9611b0b e-con-full e-flex e-con e-child\" data-id=\"9611b0b\" data-element_type=\"container\" data-e-type=\"container\">\n\t\t\t\t<div class=\"elementor-element elementor-element-2284f78 elementor-widget elementor-widget-text-editor\" data-id=\"2284f78\" data-element_type=\"widget\" data-e-type=\"widget\" data-widget_type=\"text-editor.default\">\n\t\t\t\t<div class=\"elementor-widget-container\">\n\t\t\t\t\t\t\t\t\t<h6 style=\"text-align: center;\">New construction of an apartment building<\/h6>\t\t\t\t\t\t\t\t<\/div>\n\t\t\t\t<\/div>\n\t\t\t\t<div class=\"elementor-element elementor-element-a9953af elementor-align-justify Image-Button elementor-widget elementor-widget-button\" data-id=\"a9953af\" data-element_type=\"widget\" data-e-type=\"widget\" data-widget_type=\"button.default\">\n\t\t\t\t<div class=\"elementor-widget-container\">\n\t\t\t\t\t\t\t\t\t<div class=\"elementor-button-wrapper\">\n\t\t\t\t\t<a class=\"elementor-button elementor-button-link elementor-size-sm\" href=\"https:\/\/ingenieurbuero-gok.de\/en\/projekte\/1006_neubau_eines_mehrfamilienhaus\/\">\n\t\t\t\t\t\t<span class=\"elementor-button-content-wrapper\">\n\t\t\t\t\t\t\t\t\t<span class=\"elementor-button-text\">Project Details<\/span>\n\t\t\t\t\t<\/span>\n\t\t\t\t\t<\/a>\n\t\t\t\t<\/div>\n\t\t\t\t\t\t\t\t<\/div>\n\t\t\t\t<\/div>\n\t\t\t\t<\/div>\n\t\t\t\t\t<\/div>\n\t\t\t\t<\/div>\n\t\t<div class=\"elementor-element elementor-element-7d24c95 e-flex e-con-boxed e-con e-parent\" data-id=\"7d24c95\" data-element_type=\"container\" data-e-type=\"container\">\n\t\t\t\t\t<div class=\"e-con-inner\">\n\t\t\t\t<div class=\"elementor-element elementor-element-47d0c16 elementor-widget elementor-widget-spacer\" data-id=\"47d0c16\" data-element_type=\"widget\" data-e-type=\"widget\" data-widget_type=\"spacer.default\">\n\t\t\t\t<div class=\"elementor-widget-container\">\n\t\t\t\t\t\t\t<div class=\"elementor-spacer\">\n\t\t\t<div class=\"elementor-spacer-inner\"><\/div>\n\t\t<\/div>\n\t\t\t\t\t\t<\/div>\n\t\t\t\t<\/div>\n\t\t\t\t<div class=\"elementor-element elementor-element-105f691 elementor-widget elementor-widget-button\" data-id=\"105f691\" data-element_type=\"widget\" data-e-type=\"widget\" data-widget_type=\"button.default\">\n\t\t\t\t<div class=\"elementor-widget-container\">\n\t\t\t\t\t\t\t\t\t<div class=\"elementor-button-wrapper\">\n\t\t\t\t\t<a class=\"elementor-button elementor-button-link elementor-size-sm\" href=\"https:\/\/ingenieurbuero-gok.de\/en\/projekte\/\">\n\t\t\t\t\t\t<span class=\"elementor-button-content-wrapper\">\n\t\t\t\t\t\t<span class=\"elementor-button-icon\">\n\t\t\t\t<i aria-hidden=\"true\" class=\"icon icon-arrow-left\"><\/i>\t\t\t<\/span>\n\t\t\t\t\t\t\t\t\t<span class=\"elementor-button-text\">To the Project Overview<\/span>\n\t\t\t\t\t<\/span>\n\t\t\t\t\t<\/a>\n\t\t\t\t<\/div>\n\t\t\t\t\t\t\t\t<\/div>\n\t\t\t\t<\/div>\n\t\t\t\t\t<\/div>\n\t\t\t\t<\/div>\n\t\t\t\t<\/div>\n\t\t<\/body>","protected":false},"excerpt":{"rendered":"<p>Projektdetails Projekt:Anbau eines Einfamilienhauses an das bestehende Wohnhaus Beschriebung:Neubau eines Einfamilienhauses mit drei Etagen und Kellergeschoss in Massivbauweise mit ca. 260m\u00b2 Wohnfl\u00e4che Leistungen:Objektplanung, Tragwerksplanung, W\u00e4rmeschutz, Schallschutz, Bewehrungspl\u00e4ne, Bauleitung Projektlaufzeit:2022-2023 Adresse:R\u00fcsselsheim-Ha\u00dfloch, Hessen Zur\u00fcck \u00c4hnliche projekte Umbau &amp; Aufstockung eines Einfamilienhauses Projektdetails Neubau eines Mehrfamilienhauses Projektdetails Zur Projekt\u00fcbersicht<\/p>","protected":false},"author":3,"featured_media":0,"parent":1242,"menu_order":0,"comment_status":"closed","ping_status":"closed","template":"elementor_header_footer","meta":{"nf_dc_page":"","om_disable_all_campaigns":false,"_eb_attr":"","footnotes":""},"class_list":["post-3298","page","type-page","status-publish","hentry"],"yoast_head":"<!-- This site is optimized with the Yoast SEO plugin v26.6 - https:\/\/yoast.com\/wordpress\/plugins\/seo\/ -->\n<title>1007_Neubau_eines_einfamilienhauses_anbau - Ingenieurbuero GOK<\/title>\n<meta name=\"robots\" content=\"index, follow, max-snippet:-1, max-image-preview:large, max-video-preview:-1\" \/>\n<link rel=\"canonical\" href=\"https:\/\/ingenieurbuero-gok.de\/en\/projekte\/1007_neubau_eines_einfamilienhauses_anbau\/\" \/>\n<meta property=\"og:locale\" content=\"en_US\" \/>\n<meta property=\"og:type\" content=\"article\" \/>\n<meta property=\"og:title\" content=\"1007_Neubau_eines_einfamilienhauses_anbau - Ingenieurbuero GOK\" \/>\n<meta property=\"og:description\" content=\"Projektdetails Projekt:Anbau eines Einfamilienhauses an das bestehende Wohnhaus Beschriebung:Neubau eines Einfamilienhauses mit drei Etagen und Kellergeschoss in Massivbauweise mit ca. 260m\u00b2 Wohnfl\u00e4che Leistungen:Objektplanung, Tragwerksplanung, W\u00e4rmeschutz, Schallschutz, Bewehrungspl\u00e4ne, Bauleitung Projektlaufzeit:2022-2023 Adresse:R\u00fcsselsheim-Ha\u00dfloch, Hessen Zur\u00fcck \u00c4hnliche projekte Umbau &amp; Aufstockung eines Einfamilienhauses Projektdetails Neubau eines Mehrfamilienhauses Projektdetails Zur Projekt\u00fcbersicht\" \/>\n<meta property=\"og:url\" content=\"https:\/\/ingenieurbuero-gok.de\/en\/projekte\/1007_neubau_eines_einfamilienhauses_anbau\/\" \/>\n<meta property=\"og:site_name\" content=\"Ingenieurbuero GOK\" \/>\n<meta property=\"article:modified_time\" content=\"2026-01-09T20:31:54+00:00\" \/>\n<meta property=\"og:image\" content=\"https:\/\/ingenieurbuero-gok.de\/wp-content\/uploads\/2025\/07\/IMG_20250530_162018-1-scaled.jpg\" \/>\n<meta name=\"twitter:card\" content=\"summary_large_image\" \/>\n<meta name=\"twitter:label1\" content=\"Est. reading time\" \/>\n\t<meta name=\"twitter:data1\" content=\"2 minutes\" \/>\n<script type=\"application\/ld+json\" class=\"yoast-schema-graph\">{\"@context\":\"https:\/\/schema.org\",\"@graph\":[{\"@type\":\"WebPage\",\"@id\":\"https:\/\/ingenieurbuero-gok.de\/projekte\/1007_neubau_eines_einfamilienhauses_anbau\/\",\"url\":\"https:\/\/ingenieurbuero-gok.de\/projekte\/1007_neubau_eines_einfamilienhauses_anbau\/\",\"name\":\"1007_Neubau_eines_einfamilienhauses_anbau - Ingenieurbuero GOK\",\"isPartOf\":{\"@id\":\"https:\/\/ingenieurbuero-gok.de\/#website\"},\"primaryImageOfPage\":{\"@id\":\"https:\/\/ingenieurbuero-gok.de\/projekte\/1007_neubau_eines_einfamilienhauses_anbau\/#primaryimage\"},\"image\":{\"@id\":\"https:\/\/ingenieurbuero-gok.de\/projekte\/1007_neubau_eines_einfamilienhauses_anbau\/#primaryimage\"},\"thumbnailUrl\":\"https:\/\/ingenieurbuero-gok.de\/wp-content\/uploads\/2025\/07\/IMG_20250530_162018-1-scaled.jpg\",\"datePublished\":\"2025-07-28T09:06:31+00:00\",\"dateModified\":\"2026-01-09T20:31:54+00:00\",\"breadcrumb\":{\"@id\":\"https:\/\/ingenieurbuero-gok.de\/projekte\/1007_neubau_eines_einfamilienhauses_anbau\/#breadcrumb\"},\"inLanguage\":\"en-US\",\"potentialAction\":[{\"@type\":\"ReadAction\",\"target\":[\"https:\/\/ingenieurbuero-gok.de\/projekte\/1007_neubau_eines_einfamilienhauses_anbau\/\"]}]},{\"@type\":\"ImageObject\",\"inLanguage\":\"en-US\",\"@id\":\"https:\/\/ingenieurbuero-gok.de\/projekte\/1007_neubau_eines_einfamilienhauses_anbau\/#primaryimage\",\"url\":\"https:\/\/ingenieurbuero-gok.de\/wp-content\/uploads\/2025\/07\/IMG_20250530_162018-1-scaled.jpg\",\"contentUrl\":\"https:\/\/ingenieurbuero-gok.de\/wp-content\/uploads\/2025\/07\/IMG_20250530_162018-1-scaled.jpg\"},{\"@type\":\"BreadcrumbList\",\"@id\":\"https:\/\/ingenieurbuero-gok.de\/projekte\/1007_neubau_eines_einfamilienhauses_anbau\/#breadcrumb\",\"itemListElement\":[{\"@type\":\"ListItem\",\"position\":1,\"name\":\"Home\",\"item\":\"https:\/\/ingenieurbuero-gok.de\/\"},{\"@type\":\"ListItem\",\"position\":2,\"name\":\"Projekte\",\"item\":\"https:\/\/ingenieurbuero-gok.de\/projekte\/\"},{\"@type\":\"ListItem\",\"position\":3,\"name\":\"1007_Neubau_eines_einfamilienhauses_anbau\"}]},{\"@type\":\"WebSite\",\"@id\":\"https:\/\/ingenieurbuero-gok.de\/#website\",\"url\":\"https:\/\/ingenieurbuero-gok.de\/\",\"name\":\"Ingenieurbuero GOK\",\"description\":\"\",\"publisher\":{\"@id\":\"https:\/\/ingenieurbuero-gok.de\/#organization\"},\"potentialAction\":[{\"@type\":\"SearchAction\",\"target\":{\"@type\":\"EntryPoint\",\"urlTemplate\":\"https:\/\/ingenieurbuero-gok.de\/?s={search_term_string}\"},\"query-input\":{\"@type\":\"PropertyValueSpecification\",\"valueRequired\":true,\"valueName\":\"search_term_string\"}}],\"inLanguage\":\"en-US\"},{\"@type\":\"Organization\",\"@id\":\"https:\/\/ingenieurbuero-gok.de\/#organization\",\"name\":\"Ingenieurbuero GOK\",\"url\":\"https:\/\/ingenieurbuero-gok.de\/\",\"logo\":{\"@type\":\"ImageObject\",\"inLanguage\":\"en-US\",\"@id\":\"https:\/\/ingenieurbuero-gok.de\/#\/schema\/logo\/image\/\",\"url\":\"https:\/\/i0.wp.com\/ingenieurbuero-gok.de\/wp-content\/uploads\/2023\/02\/cropped-image-2.jpg?fit=700%2C300&ssl=1\",\"contentUrl\":\"https:\/\/i0.wp.com\/ingenieurbuero-gok.de\/wp-content\/uploads\/2023\/02\/cropped-image-2.jpg?fit=700%2C300&ssl=1\",\"width\":700,\"height\":300,\"caption\":\"Ingenieurbuero GOK\"},\"image\":{\"@id\":\"https:\/\/ingenieurbuero-gok.de\/#\/schema\/logo\/image\/\"}}]}<\/script>\n<!-- \/ Yoast SEO plugin. -->","yoast_head_json":{"title":"1007_Neubau_eines_einfamilienhauses_anbau - Ingenieurbuero GOK","robots":{"index":"index","follow":"follow","max-snippet":"max-snippet:-1","max-image-preview":"max-image-preview:large","max-video-preview":"max-video-preview:-1"},"canonical":"https:\/\/ingenieurbuero-gok.de\/en\/projekte\/1007_neubau_eines_einfamilienhauses_anbau\/","og_locale":"en_US","og_type":"article","og_title":"1007_Neubau_eines_einfamilienhauses_anbau - Ingenieurbuero GOK","og_description":"Projektdetails Projekt:Anbau eines Einfamilienhauses an das bestehende Wohnhaus Beschriebung:Neubau eines Einfamilienhauses mit drei Etagen und Kellergeschoss in Massivbauweise mit ca. 260m\u00b2 Wohnfl\u00e4che Leistungen:Objektplanung, Tragwerksplanung, W\u00e4rmeschutz, Schallschutz, Bewehrungspl\u00e4ne, Bauleitung Projektlaufzeit:2022-2023 Adresse:R\u00fcsselsheim-Ha\u00dfloch, Hessen Zur\u00fcck \u00c4hnliche projekte Umbau &amp; Aufstockung eines Einfamilienhauses Projektdetails Neubau eines Mehrfamilienhauses Projektdetails Zur Projekt\u00fcbersicht","og_url":"https:\/\/ingenieurbuero-gok.de\/en\/projekte\/1007_neubau_eines_einfamilienhauses_anbau\/","og_site_name":"Ingenieurbuero GOK","article_modified_time":"2026-01-09T20:31:54+00:00","og_image":[{"url":"https:\/\/ingenieurbuero-gok.de\/wp-content\/uploads\/2025\/07\/IMG_20250530_162018-1-scaled.jpg","type":"","width":"","height":""}],"twitter_card":"summary_large_image","twitter_misc":{"Est. reading time":"2 minutes"},"schema":{"@context":"https:\/\/schema.org","@graph":[{"@type":"WebPage","@id":"https:\/\/ingenieurbuero-gok.de\/projekte\/1007_neubau_eines_einfamilienhauses_anbau\/","url":"https:\/\/ingenieurbuero-gok.de\/projekte\/1007_neubau_eines_einfamilienhauses_anbau\/","name":"1007_Neubau_eines_einfamilienhauses_anbau - Ingenieurbuero GOK","isPartOf":{"@id":"https:\/\/ingenieurbuero-gok.de\/#website"},"primaryImageOfPage":{"@id":"https:\/\/ingenieurbuero-gok.de\/projekte\/1007_neubau_eines_einfamilienhauses_anbau\/#primaryimage"},"image":{"@id":"https:\/\/ingenieurbuero-gok.de\/projekte\/1007_neubau_eines_einfamilienhauses_anbau\/#primaryimage"},"thumbnailUrl":"https:\/\/ingenieurbuero-gok.de\/wp-content\/uploads\/2025\/07\/IMG_20250530_162018-1-scaled.jpg","datePublished":"2025-07-28T09:06:31+00:00","dateModified":"2026-01-09T20:31:54+00:00","breadcrumb":{"@id":"https:\/\/ingenieurbuero-gok.de\/projekte\/1007_neubau_eines_einfamilienhauses_anbau\/#breadcrumb"},"inLanguage":"en-US","potentialAction":[{"@type":"ReadAction","target":["https:\/\/ingenieurbuero-gok.de\/projekte\/1007_neubau_eines_einfamilienhauses_anbau\/"]}]},{"@type":"ImageObject","inLanguage":"en-US","@id":"https:\/\/ingenieurbuero-gok.de\/projekte\/1007_neubau_eines_einfamilienhauses_anbau\/#primaryimage","url":"https:\/\/ingenieurbuero-gok.de\/wp-content\/uploads\/2025\/07\/IMG_20250530_162018-1-scaled.jpg","contentUrl":"https:\/\/ingenieurbuero-gok.de\/wp-content\/uploads\/2025\/07\/IMG_20250530_162018-1-scaled.jpg"},{"@type":"BreadcrumbList","@id":"https:\/\/ingenieurbuero-gok.de\/projekte\/1007_neubau_eines_einfamilienhauses_anbau\/#breadcrumb","itemListElement":[{"@type":"ListItem","position":1,"name":"Home","item":"https:\/\/ingenieurbuero-gok.de\/"},{"@type":"ListItem","position":2,"name":"Projekte","item":"https:\/\/ingenieurbuero-gok.de\/projekte\/"},{"@type":"ListItem","position":3,"name":"1007_Neubau_eines_einfamilienhauses_anbau"}]},{"@type":"WebSite","@id":"https:\/\/ingenieurbuero-gok.de\/#website","url":"https:\/\/ingenieurbuero-gok.de\/","name":"Ingenieurbuero GOK","description":"","publisher":{"@id":"https:\/\/ingenieurbuero-gok.de\/#organization"},"potentialAction":[{"@type":"SearchAction","target":{"@type":"EntryPoint","urlTemplate":"https:\/\/ingenieurbuero-gok.de\/?s={search_term_string}"},"query-input":{"@type":"PropertyValueSpecification","valueRequired":true,"valueName":"search_term_string"}}],"inLanguage":"en-US"},{"@type":"Organization","@id":"https:\/\/ingenieurbuero-gok.de\/#organization","name":"Ingenieurbuero GOK","url":"https:\/\/ingenieurbuero-gok.de\/","logo":{"@type":"ImageObject","inLanguage":"en-US","@id":"https:\/\/ingenieurbuero-gok.de\/#\/schema\/logo\/image\/","url":"https:\/\/i0.wp.com\/ingenieurbuero-gok.de\/wp-content\/uploads\/2023\/02\/cropped-image-2.jpg?fit=700%2C300&ssl=1","contentUrl":"https:\/\/i0.wp.com\/ingenieurbuero-gok.de\/wp-content\/uploads\/2023\/02\/cropped-image-2.jpg?fit=700%2C300&ssl=1","width":700,"height":300,"caption":"Ingenieurbuero GOK"},"image":{"@id":"https:\/\/ingenieurbuero-gok.de\/#\/schema\/logo\/image\/"}}]}},"jetpack_sharing_enabled":true,"_links":{"self":[{"href":"https:\/\/ingenieurbuero-gok.de\/en\/wp-json\/wp\/v2\/pages\/3298","targetHints":{"allow":["GET"]}}],"collection":[{"href":"https:\/\/ingenieurbuero-gok.de\/en\/wp-json\/wp\/v2\/pages"}],"about":[{"href":"https:\/\/ingenieurbuero-gok.de\/en\/wp-json\/wp\/v2\/types\/page"}],"author":[{"embeddable":true,"href":"https:\/\/ingenieurbuero-gok.de\/en\/wp-json\/wp\/v2\/users\/3"}],"replies":[{"embeddable":true,"href":"https:\/\/ingenieurbuero-gok.de\/en\/wp-json\/wp\/v2\/comments?post=3298"}],"version-history":[{"count":5,"href":"https:\/\/ingenieurbuero-gok.de\/en\/wp-json\/wp\/v2\/pages\/3298\/revisions"}],"predecessor-version":[{"id":5686,"href":"https:\/\/ingenieurbuero-gok.de\/en\/wp-json\/wp\/v2\/pages\/3298\/revisions\/5686"}],"up":[{"embeddable":true,"href":"https:\/\/ingenieurbuero-gok.de\/en\/wp-json\/wp\/v2\/pages\/1242"}],"wp:attachment":[{"href":"https:\/\/ingenieurbuero-gok.de\/en\/wp-json\/wp\/v2\/media?parent=3298"}],"curies":[{"name":"wp","href":"https:\/\/api.w.org\/{rel}","templated":true}]}}