{"id":3570,"date":"2025-07-30T12:27:37","date_gmt":"2025-07-30T12:27:37","guid":{"rendered":"https:\/\/ingenieurbuero-gok.de\/?page_id=3570"},"modified":"2025-12-18T16:12:44","modified_gmt":"2025-12-18T16:12:44","slug":"1017_instandsetzung_friedhofsmauer","status":"publish","type":"page","link":"https:\/\/ingenieurbuero-gok.de\/en\/projekte\/1017_instandsetzung_friedhofsmauer\/","title":{"rendered":"1017 Instandsetzung einer Friedhofsmauer"},"content":{"rendered":"<body>\t\t<div data-elementor-type=\"wp-page\" data-elementor-id=\"3570\" class=\"elementor elementor-3570\">\n\t\t\t\t<div class=\"elementor-element elementor-element-a24224d e-flex e-con-boxed e-con e-parent\" data-id=\"a24224d\" data-element_type=\"container\" data-e-type=\"container\">\n\t\t\t\t\t<div class=\"e-con-inner\">\n\t\t<div class=\"elementor-element elementor-element-690e959 e-con-full e-flex e-con e-child\" data-id=\"690e959\" data-element_type=\"container\" data-e-type=\"container\">\n\t\t\t\t<div class=\"elementor-element elementor-element-cecd16e elementor-arrows-position-inside elementor-pagination-position-outside elementor-widget elementor-widget-image-carousel\" data-id=\"cecd16e\" data-element_type=\"widget\" data-e-type=\"widget\" data-settings='{\"slides_to_show\":\"1\",\"navigation\":\"both\",\"autoplay\":\"yes\",\"pause_on_hover\":\"yes\",\"pause_on_interaction\":\"yes\",\"autoplay_speed\":5000,\"infinite\":\"yes\",\"effect\":\"slide\",\"speed\":500}' data-widget_type=\"image-carousel.default\">\n\t\t\t\t<div class=\"elementor-widget-container\">\n\t\t\t\t\t\t\t<div class=\"elementor-image-carousel-wrapper swiper\" role=\"region\" aria-roledescription=\"carousel\" aria-label=\"Bild Karussell\" dir=\"ltr\">\n\t\t\t<div class=\"elementor-image-carousel swiper-wrapper swiper-image-stretch\" aria-live=\"off\">\n\t\t\t\t\t\t\t\t<div class=\"swiper-slide\" role=\"group\" aria-roledescription=\"slide\" aria-label=\"1 von 1\"><figure class=\"swiper-slide-inner\"><img decoding=\"async\" class=\"swiper-slide-image\" src=\"https:\/\/i0.wp.com\/ingenieurbuero-gok.de\/wp-content\/uploads\/2023\/02\/placeholder.png?fit=1200%2C800&amp;ssl=1\" alt=\"placeholder.png\" loading=\"lazy\"><\/figure><\/div>\t\t\t<\/div>\n\t\t\t\t\t<\/div>\n\t\t\t\t\t\t<\/div>\n\t\t\t\t<\/div>\n\t\t\t\t<\/div>\n\t\t<div class=\"elementor-element elementor-element-af86e8e e-con-full e-flex e-con e-child\" data-id=\"af86e8e\" data-element_type=\"container\" data-e-type=\"container\">\n\t\t\t\t<div class=\"elementor-element elementor-element-b3b3be5 elementor-widget elementor-widget-heading\" data-id=\"b3b3be5\" data-element_type=\"widget\" data-e-type=\"widget\" data-widget_type=\"heading.default\">\n\t\t\t\t<div class=\"elementor-widget-container\">\n\t\t\t\t\t<h5 class=\"elementor-heading-title elementor-size-default\">Project Details<\/h5>\t\t\t\t<\/div>\n\t\t\t\t<\/div>\n\t\t\t\t<div class=\"elementor-element elementor-element-51c266e elementor-widget elementor-widget-text-editor\" data-id=\"51c266e\" data-element_type=\"widget\" data-e-type=\"widget\" data-widget_type=\"text-editor.default\">\n\t\t\t\t<div class=\"elementor-widget-container\">\n\t\t\t\t\t\t\t\t\t<p><span style=\"text-decoration: underline;\">Project:<\/span><br>Repair of a cemetery wall, Bad Homburg<\/p><p><span style=\"text-decoration: underline;\">Description:<\/span><br>Repair of the cemetery wall after bulging and cracks were discovered on the side of a stream. Static \u2013 structural improvement through masonry needles and new pointing. Strengthening the base of the wall on the stream side.<\/p><p><span style=\"text-decoration: underline;\">Services:<\/span><br>Inventory and damage assessment with reports and cost estimates, property planning, structural planning, construction management<\/p><p><span style=\"text-decoration: underline;\">Projekt Duration:<\/span><br>2021 \u2013 2022<\/p><p><span style=\"text-decoration: underline;\">Address:<\/span><br>Bad Homburg, Hessen<\/p>\t\t\t\t\t\t\t\t<\/div>\n\t\t\t\t<\/div>\n\t\t\t\t<div class=\"elementor-element elementor-element-bd22aa0 elementor-widget elementor-widget-html\" data-id=\"bd22aa0\" data-element_type=\"widget\" data-e-type=\"widget\" data-widget_type=\"html.default\">\n\t\t\t\t<div class=\"elementor-widget-container\">\n\t\t\t\t\t<script>\n  document.addEventListener('DOMContentLoaded', function() {\n    const backBtn = document.getElementById('custom-back-button');\n    if (backBtn) {\n      backBtn.addEventListener('click', function(e) {\n        e.preventDefault();\n        if (document.referrer && document.referrer !== window.location.href) {\n          history.back();\n        } else {\n          window.location.href = '\/projekte'; \/\/ Change to your fallback\n        }\n      });\n    }\n  });\n<\/script>\n\t\t\t\t<\/div>\n\t\t\t\t<\/div>\n\t\t\t\t<div class=\"elementor-element elementor-element-b182d49 elementor-absolute back-button elementor-widget elementor-widget-button\" data-id=\"b182d49\" data-element_type=\"widget\" data-e-type=\"widget\" id=\"my-button\" data-settings='{\"_position\":\"absolute\"}' data-widget_type=\"button.default\">\n\t\t\t\t<div class=\"elementor-widget-container\">\n\t\t\t\t\t\t\t\t\t<div class=\"elementor-button-wrapper\">\n\t\t\t\t\t<a class=\"elementor-button elementor-button-link elementor-size-sm\" href=\"#\" id=\"custom-back-button\">\n\t\t\t\t\t\t<span class=\"elementor-button-content-wrapper\">\n\t\t\t\t\t\t<span class=\"elementor-button-icon\">\n\t\t\t\t<i aria-hidden=\"true\" class=\"icon icon-arrow-left\"><\/i>\t\t\t<\/span>\n\t\t\t\t\t\t\t\t\t<span class=\"elementor-button-text\">Back<\/span>\n\t\t\t\t\t<\/span>\n\t\t\t\t\t<\/a>\n\t\t\t\t<\/div>\n\t\t\t\t\t\t\t\t<\/div>\n\t\t\t\t<\/div>\n\t\t\t\t<\/div>\n\t\t\t\t\t<\/div>\n\t\t\t\t<\/div>\n\t\t<div class=\"elementor-element elementor-element-14466d4 e-flex e-con-boxed e-con e-parent\" data-id=\"14466d4\" data-element_type=\"container\" data-e-type=\"container\">\n\t\t\t\t\t<div class=\"e-con-inner\">\n\t\t\t\t<div class=\"elementor-element elementor-element-e886de0 elementor-widget elementor-widget-spacer\" data-id=\"e886de0\" data-element_type=\"widget\" data-e-type=\"widget\" data-widget_type=\"spacer.default\">\n\t\t\t\t<div class=\"elementor-widget-container\">\n\t\t\t\t\t\t\t<div class=\"elementor-spacer\">\n\t\t\t<div class=\"elementor-spacer-inner\"><\/div>\n\t\t<\/div>\n\t\t\t\t\t\t<\/div>\n\t\t\t\t<\/div>\n\t\t\t\t<div class=\"elementor-element elementor-element-723e23a elementor-widget__width-initial elementor-widget elementor-widget-spacer\" data-id=\"723e23a\" data-element_type=\"widget\" data-e-type=\"widget\" data-widget_type=\"spacer.default\">\n\t\t\t\t<div class=\"elementor-widget-container\">\n\t\t\t\t\t\t\t<div class=\"elementor-spacer\">\n\t\t\t<div class=\"elementor-spacer-inner\"><\/div>\n\t\t<\/div>\n\t\t\t\t\t\t<\/div>\n\t\t\t\t<\/div>\n\t\t\t\t<div class=\"elementor-element elementor-element-59baef8 elementor-widget elementor-widget-spacer\" data-id=\"59baef8\" data-element_type=\"widget\" data-e-type=\"widget\" data-widget_type=\"spacer.default\">\n\t\t\t\t<div class=\"elementor-widget-container\">\n\t\t\t\t\t\t\t<div class=\"elementor-spacer\">\n\t\t\t<div class=\"elementor-spacer-inner\"><\/div>\n\t\t<\/div>\n\t\t\t\t\t\t<\/div>\n\t\t\t\t<\/div>\n\t\t\t\t<div class=\"elementor-element elementor-element-db47ec4 elementor-widget elementor-widget-heading\" data-id=\"db47ec4\" data-element_type=\"widget\" data-e-type=\"widget\" data-widget_type=\"heading.default\">\n\t\t\t\t<div class=\"elementor-widget-container\">\n\t\t\t\t\t<h5 class=\"elementor-heading-title elementor-size-default\">Similar Projects<\/h5>\t\t\t\t<\/div>\n\t\t\t\t<\/div>\n\t\t\t\t\t<\/div>\n\t\t\t\t<\/div>\n\t\t<div class=\"elementor-element elementor-element-209cd0c e-flex e-con-boxed e-con e-parent\" data-id=\"209cd0c\" data-element_type=\"container\" data-e-type=\"container\">\n\t\t\t\t\t<div class=\"e-con-inner\">\n\t\t<div class=\"elementor-element elementor-element-2bff8d4 e-con-full e-flex e-con e-child\" data-id=\"2bff8d4\" data-element_type=\"container\" data-e-type=\"container\">\n\t\t\t\t<div class=\"elementor-element elementor-element-a4b027c elementor-widget elementor-widget-text-editor\" data-id=\"a4b027c\" data-element_type=\"widget\" data-e-type=\"widget\" data-widget_type=\"text-editor.default\">\n\t\t\t\t<div class=\"elementor-widget-container\">\n\t\t\t\t\t\t\t\t\t<h6 style=\"text-align: center;\"><span style=\"text-decoration: underline;\">Gleiberg Nordmauer<\/span><\/h6>\t\t\t\t\t\t\t\t<\/div>\n\t\t\t\t<\/div>\n\t\t\t\t<div class=\"elementor-element elementor-element-db915c7 elementor-align-justify Image-Button elementor-widget elementor-widget-button\" data-id=\"db915c7\" data-element_type=\"widget\" data-e-type=\"widget\" data-widget_type=\"button.default\">\n\t\t\t\t<div class=\"elementor-widget-container\">\n\t\t\t\t\t\t\t\t\t<div class=\"elementor-button-wrapper\">\n\t\t\t\t\t<a class=\"elementor-button elementor-button-link elementor-size-sm\" href=\"https:\/\/ingenieurbuero-gok.de\/en\/gleiberg-ausbruchstelle\/\">\n\t\t\t\t\t\t<span class=\"elementor-button-content-wrapper\">\n\t\t\t\t\t\t\t\t\t<span class=\"elementor-button-text\">Project Details<\/span>\n\t\t\t\t\t<\/span>\n\t\t\t\t\t<\/a>\n\t\t\t\t<\/div>\n\t\t\t\t\t\t\t\t<\/div>\n\t\t\t\t<\/div>\n\t\t\t\t<\/div>\n\t\t<div class=\"elementor-element elementor-element-c171ef9 e-con-full e-flex e-con e-child\" data-id=\"c171ef9\" data-element_type=\"container\" data-e-type=\"container\">\n\t\t\t\t<div class=\"elementor-element elementor-element-6f5e5e1 elementor-widget elementor-widget-text-editor\" data-id=\"6f5e5e1\" data-element_type=\"widget\" data-e-type=\"widget\" data-widget_type=\"text-editor.default\">\n\t\t\t\t<div class=\"elementor-widget-container\">\n\t\t\t\t\t\t\t\t\t<h6 style=\"text-align: center;\">Gleiberg-Merenberger Bau<\/h6>\t\t\t\t\t\t\t\t<\/div>\n\t\t\t\t<\/div>\n\t\t\t\t<div class=\"elementor-element elementor-element-2a5cf52 elementor-align-justify Image-Button elementor-widget elementor-widget-button\" data-id=\"2a5cf52\" data-element_type=\"widget\" data-e-type=\"widget\" data-widget_type=\"button.default\">\n\t\t\t\t<div class=\"elementor-widget-container\">\n\t\t\t\t\t\t\t\t\t<div class=\"elementor-button-wrapper\">\n\t\t\t\t\t<a class=\"elementor-button elementor-button-link elementor-size-sm\" href=\"https:\/\/ingenieurbuero-gok.de\/en\/projekte\/historisch\/gleiberg-merenberger-bau\/\">\n\t\t\t\t\t\t<span class=\"elementor-button-content-wrapper\">\n\t\t\t\t\t\t\t\t\t<span class=\"elementor-button-text\">Project Details<\/span>\n\t\t\t\t\t<\/span>\n\t\t\t\t\t<\/a>\n\t\t\t\t<\/div>\n\t\t\t\t\t\t\t\t<\/div>\n\t\t\t\t<\/div>\n\t\t\t\t<\/div>\n\t\t\t\t\t<\/div>\n\t\t\t\t<\/div>\n\t\t<div class=\"elementor-element elementor-element-7d24c95 e-flex e-con-boxed e-con e-parent\" data-id=\"7d24c95\" data-element_type=\"container\" data-e-type=\"container\">\n\t\t\t\t\t<div class=\"e-con-inner\">\n\t\t\t\t<div class=\"elementor-element elementor-element-47d0c16 elementor-widget elementor-widget-spacer\" data-id=\"47d0c16\" data-element_type=\"widget\" data-e-type=\"widget\" data-widget_type=\"spacer.default\">\n\t\t\t\t<div class=\"elementor-widget-container\">\n\t\t\t\t\t\t\t<div class=\"elementor-spacer\">\n\t\t\t<div class=\"elementor-spacer-inner\"><\/div>\n\t\t<\/div>\n\t\t\t\t\t\t<\/div>\n\t\t\t\t<\/div>\n\t\t\t\t<div class=\"elementor-element elementor-element-105f691 elementor-widget elementor-widget-button\" data-id=\"105f691\" data-element_type=\"widget\" data-e-type=\"widget\" data-widget_type=\"button.default\">\n\t\t\t\t<div class=\"elementor-widget-container\">\n\t\t\t\t\t\t\t\t\t<div class=\"elementor-button-wrapper\">\n\t\t\t\t\t<a class=\"elementor-button elementor-button-link elementor-size-sm\" href=\"https:\/\/ingenieurbuero-gok.de\/en\/projekte\/\">\n\t\t\t\t\t\t<span class=\"elementor-button-content-wrapper\">\n\t\t\t\t\t\t<span class=\"elementor-button-icon\">\n\t\t\t\t<i aria-hidden=\"true\" class=\"icon icon-arrow-left\"><\/i>\t\t\t<\/span>\n\t\t\t\t\t\t\t\t\t<span class=\"elementor-button-text\">To the Project Overview<\/span>\n\t\t\t\t\t<\/span>\n\t\t\t\t\t<\/a>\n\t\t\t\t<\/div>\n\t\t\t\t\t\t\t\t<\/div>\n\t\t\t\t<\/div>\n\t\t\t\t\t<\/div>\n\t\t\t\t<\/div>\n\t\t\t\t<\/div>\n\t\t<\/body>","protected":false},"excerpt":{"rendered":"<p>Projektdetails Projekt:Instandsetzung einer Friedhofsmauer, Bad Homburg Beschreibung:Instandsetzung der Friedhofsmauer nach Feststellung von Ausbauchungen und Rissen auf der Seite eines Baches. Statisch \u2013 konstruktive Ert\u00fcchtigung durch Mauerwerksnadeln und Neuverfugung. Ert\u00fcchtigung des bachseitigen Mauerfu\u00dfes. Leistungen:Bestands- und Schadensaufnahme mit Gutachten und Kostensch\u00e4tzung Objektplanung, Tragwerksplanung, Bauleitung Projektlaufzeit:2021 &#8211; 2022 Adresse:Bad Homburg, Hessen Zur\u00fcck \u00c4hnliche projekte Gleiberg Nordmauer Projektdetails Gleiberg-Merenberger [&hellip;]<\/p>","protected":false},"author":1,"featured_media":0,"parent":1242,"menu_order":0,"comment_status":"closed","ping_status":"closed","template":"elementor_header_footer","meta":{"nf_dc_page":"","om_disable_all_campaigns":false,"_eb_attr":"","footnotes":""},"class_list":["post-3570","page","type-page","status-publish","hentry"],"yoast_head":"<!-- This site is optimized with the Yoast SEO plugin v26.6 - https:\/\/yoast.com\/wordpress\/plugins\/seo\/ -->\n<title>1017 Instandsetzung einer Friedhofsmauer - Ingenieurbuero GOK<\/title>\n<meta name=\"robots\" content=\"index, follow, max-snippet:-1, max-image-preview:large, max-video-preview:-1\" \/>\n<link rel=\"canonical\" href=\"https:\/\/ingenieurbuero-gok.de\/en\/projekte\/1017_instandsetzung_friedhofsmauer\/\" \/>\n<meta property=\"og:locale\" content=\"en_US\" \/>\n<meta property=\"og:type\" content=\"article\" \/>\n<meta property=\"og:title\" content=\"1017 Instandsetzung einer Friedhofsmauer - Ingenieurbuero GOK\" \/>\n<meta property=\"og:description\" content=\"Projektdetails Projekt:Instandsetzung einer Friedhofsmauer, Bad Homburg Beschreibung:Instandsetzung der Friedhofsmauer nach Feststellung von Ausbauchungen und Rissen auf der Seite eines Baches. Statisch \u2013 konstruktive Ert\u00fcchtigung durch Mauerwerksnadeln und Neuverfugung. Ert\u00fcchtigung des bachseitigen Mauerfu\u00dfes. Leistungen:Bestands- und Schadensaufnahme mit Gutachten und Kostensch\u00e4tzung Objektplanung, Tragwerksplanung, Bauleitung Projektlaufzeit:2021 &#8211; 2022 Adresse:Bad Homburg, Hessen Zur\u00fcck \u00c4hnliche projekte Gleiberg Nordmauer Projektdetails Gleiberg-Merenberger [&hellip;]\" \/>\n<meta property=\"og:url\" content=\"https:\/\/ingenieurbuero-gok.de\/en\/projekte\/1017_instandsetzung_friedhofsmauer\/\" \/>\n<meta property=\"og:site_name\" content=\"Ingenieurbuero GOK\" \/>\n<meta property=\"article:modified_time\" content=\"2025-12-18T16:12:44+00:00\" \/>\n<meta property=\"og:image\" content=\"https:\/\/ingenieurbuero-gok.de\/wp-content\/uploads\/2023\/02\/placeholder.png\" \/>\n<meta name=\"twitter:card\" content=\"summary_large_image\" \/>\n<meta name=\"twitter:label1\" content=\"Est. reading time\" \/>\n\t<meta name=\"twitter:data1\" content=\"1 minute\" \/>\n<script type=\"application\/ld+json\" class=\"yoast-schema-graph\">{\"@context\":\"https:\/\/schema.org\",\"@graph\":[{\"@type\":\"WebPage\",\"@id\":\"https:\/\/ingenieurbuero-gok.de\/projekte\/1017_instandsetzung_friedhofsmauer\/\",\"url\":\"https:\/\/ingenieurbuero-gok.de\/projekte\/1017_instandsetzung_friedhofsmauer\/\",\"name\":\"1017 Instandsetzung einer Friedhofsmauer - Ingenieurbuero GOK\",\"isPartOf\":{\"@id\":\"https:\/\/ingenieurbuero-gok.de\/#website\"},\"primaryImageOfPage\":{\"@id\":\"https:\/\/ingenieurbuero-gok.de\/projekte\/1017_instandsetzung_friedhofsmauer\/#primaryimage\"},\"image\":{\"@id\":\"https:\/\/ingenieurbuero-gok.de\/projekte\/1017_instandsetzung_friedhofsmauer\/#primaryimage\"},\"thumbnailUrl\":\"https:\/\/ingenieurbuero-gok.de\/wp-content\/uploads\/2023\/02\/placeholder.png\",\"datePublished\":\"2025-07-30T12:27:37+00:00\",\"dateModified\":\"2025-12-18T16:12:44+00:00\",\"breadcrumb\":{\"@id\":\"https:\/\/ingenieurbuero-gok.de\/projekte\/1017_instandsetzung_friedhofsmauer\/#breadcrumb\"},\"inLanguage\":\"en-US\",\"potentialAction\":[{\"@type\":\"ReadAction\",\"target\":[\"https:\/\/ingenieurbuero-gok.de\/projekte\/1017_instandsetzung_friedhofsmauer\/\"]}]},{\"@type\":\"ImageObject\",\"inLanguage\":\"en-US\",\"@id\":\"https:\/\/ingenieurbuero-gok.de\/projekte\/1017_instandsetzung_friedhofsmauer\/#primaryimage\",\"url\":\"https:\/\/ingenieurbuero-gok.de\/wp-content\/uploads\/2023\/02\/placeholder.png\",\"contentUrl\":\"https:\/\/ingenieurbuero-gok.de\/wp-content\/uploads\/2023\/02\/placeholder.png\"},{\"@type\":\"BreadcrumbList\",\"@id\":\"https:\/\/ingenieurbuero-gok.de\/projekte\/1017_instandsetzung_friedhofsmauer\/#breadcrumb\",\"itemListElement\":[{\"@type\":\"ListItem\",\"position\":1,\"name\":\"Home\",\"item\":\"https:\/\/ingenieurbuero-gok.de\/\"},{\"@type\":\"ListItem\",\"position\":2,\"name\":\"Projekte\",\"item\":\"https:\/\/ingenieurbuero-gok.de\/projekte\/\"},{\"@type\":\"ListItem\",\"position\":3,\"name\":\"1017 Instandsetzung einer Friedhofsmauer\"}]},{\"@type\":\"WebSite\",\"@id\":\"https:\/\/ingenieurbuero-gok.de\/#website\",\"url\":\"https:\/\/ingenieurbuero-gok.de\/\",\"name\":\"Ingenieurbuero GOK\",\"description\":\"\",\"publisher\":{\"@id\":\"https:\/\/ingenieurbuero-gok.de\/#organization\"},\"potentialAction\":[{\"@type\":\"SearchAction\",\"target\":{\"@type\":\"EntryPoint\",\"urlTemplate\":\"https:\/\/ingenieurbuero-gok.de\/?s={search_term_string}\"},\"query-input\":{\"@type\":\"PropertyValueSpecification\",\"valueRequired\":true,\"valueName\":\"search_term_string\"}}],\"inLanguage\":\"en-US\"},{\"@type\":\"Organization\",\"@id\":\"https:\/\/ingenieurbuero-gok.de\/#organization\",\"name\":\"Ingenieurbuero GOK\",\"url\":\"https:\/\/ingenieurbuero-gok.de\/\",\"logo\":{\"@type\":\"ImageObject\",\"inLanguage\":\"en-US\",\"@id\":\"https:\/\/ingenieurbuero-gok.de\/#\/schema\/logo\/image\/\",\"url\":\"https:\/\/i0.wp.com\/ingenieurbuero-gok.de\/wp-content\/uploads\/2023\/02\/cropped-image-2.jpg?fit=700%2C300&ssl=1\",\"contentUrl\":\"https:\/\/i0.wp.com\/ingenieurbuero-gok.de\/wp-content\/uploads\/2023\/02\/cropped-image-2.jpg?fit=700%2C300&ssl=1\",\"width\":700,\"height\":300,\"caption\":\"Ingenieurbuero GOK\"},\"image\":{\"@id\":\"https:\/\/ingenieurbuero-gok.de\/#\/schema\/logo\/image\/\"}}]}<\/script>\n<!-- \/ Yoast SEO plugin. -->","yoast_head_json":{"title":"1017 Instandsetzung einer Friedhofsmauer - Ingenieurbuero GOK","robots":{"index":"index","follow":"follow","max-snippet":"max-snippet:-1","max-image-preview":"max-image-preview:large","max-video-preview":"max-video-preview:-1"},"canonical":"https:\/\/ingenieurbuero-gok.de\/en\/projekte\/1017_instandsetzung_friedhofsmauer\/","og_locale":"en_US","og_type":"article","og_title":"1017 Instandsetzung einer Friedhofsmauer - Ingenieurbuero GOK","og_description":"Projektdetails Projekt:Instandsetzung einer Friedhofsmauer, Bad Homburg Beschreibung:Instandsetzung der Friedhofsmauer nach Feststellung von Ausbauchungen und Rissen auf der Seite eines Baches. Statisch \u2013 konstruktive Ert\u00fcchtigung durch Mauerwerksnadeln und Neuverfugung. Ert\u00fcchtigung des bachseitigen Mauerfu\u00dfes. Leistungen:Bestands- und Schadensaufnahme mit Gutachten und Kostensch\u00e4tzung Objektplanung, Tragwerksplanung, Bauleitung Projektlaufzeit:2021 &#8211; 2022 Adresse:Bad Homburg, Hessen Zur\u00fcck \u00c4hnliche projekte Gleiberg Nordmauer Projektdetails Gleiberg-Merenberger [&hellip;]","og_url":"https:\/\/ingenieurbuero-gok.de\/en\/projekte\/1017_instandsetzung_friedhofsmauer\/","og_site_name":"Ingenieurbuero GOK","article_modified_time":"2025-12-18T16:12:44+00:00","og_image":[{"url":"https:\/\/ingenieurbuero-gok.de\/wp-content\/uploads\/2023\/02\/placeholder.png","type":"","width":"","height":""}],"twitter_card":"summary_large_image","twitter_misc":{"Est. reading time":"1 minute"},"schema":{"@context":"https:\/\/schema.org","@graph":[{"@type":"WebPage","@id":"https:\/\/ingenieurbuero-gok.de\/projekte\/1017_instandsetzung_friedhofsmauer\/","url":"https:\/\/ingenieurbuero-gok.de\/projekte\/1017_instandsetzung_friedhofsmauer\/","name":"1017 Instandsetzung einer Friedhofsmauer - Ingenieurbuero GOK","isPartOf":{"@id":"https:\/\/ingenieurbuero-gok.de\/#website"},"primaryImageOfPage":{"@id":"https:\/\/ingenieurbuero-gok.de\/projekte\/1017_instandsetzung_friedhofsmauer\/#primaryimage"},"image":{"@id":"https:\/\/ingenieurbuero-gok.de\/projekte\/1017_instandsetzung_friedhofsmauer\/#primaryimage"},"thumbnailUrl":"https:\/\/ingenieurbuero-gok.de\/wp-content\/uploads\/2023\/02\/placeholder.png","datePublished":"2025-07-30T12:27:37+00:00","dateModified":"2025-12-18T16:12:44+00:00","breadcrumb":{"@id":"https:\/\/ingenieurbuero-gok.de\/projekte\/1017_instandsetzung_friedhofsmauer\/#breadcrumb"},"inLanguage":"en-US","potentialAction":[{"@type":"ReadAction","target":["https:\/\/ingenieurbuero-gok.de\/projekte\/1017_instandsetzung_friedhofsmauer\/"]}]},{"@type":"ImageObject","inLanguage":"en-US","@id":"https:\/\/ingenieurbuero-gok.de\/projekte\/1017_instandsetzung_friedhofsmauer\/#primaryimage","url":"https:\/\/ingenieurbuero-gok.de\/wp-content\/uploads\/2023\/02\/placeholder.png","contentUrl":"https:\/\/ingenieurbuero-gok.de\/wp-content\/uploads\/2023\/02\/placeholder.png"},{"@type":"BreadcrumbList","@id":"https:\/\/ingenieurbuero-gok.de\/projekte\/1017_instandsetzung_friedhofsmauer\/#breadcrumb","itemListElement":[{"@type":"ListItem","position":1,"name":"Home","item":"https:\/\/ingenieurbuero-gok.de\/"},{"@type":"ListItem","position":2,"name":"Projekte","item":"https:\/\/ingenieurbuero-gok.de\/projekte\/"},{"@type":"ListItem","position":3,"name":"1017 Instandsetzung einer Friedhofsmauer"}]},{"@type":"WebSite","@id":"https:\/\/ingenieurbuero-gok.de\/#website","url":"https:\/\/ingenieurbuero-gok.de\/","name":"Ingenieurbuero GOK","description":"","publisher":{"@id":"https:\/\/ingenieurbuero-gok.de\/#organization"},"potentialAction":[{"@type":"SearchAction","target":{"@type":"EntryPoint","urlTemplate":"https:\/\/ingenieurbuero-gok.de\/?s={search_term_string}"},"query-input":{"@type":"PropertyValueSpecification","valueRequired":true,"valueName":"search_term_string"}}],"inLanguage":"en-US"},{"@type":"Organization","@id":"https:\/\/ingenieurbuero-gok.de\/#organization","name":"Ingenieurbuero GOK","url":"https:\/\/ingenieurbuero-gok.de\/","logo":{"@type":"ImageObject","inLanguage":"en-US","@id":"https:\/\/ingenieurbuero-gok.de\/#\/schema\/logo\/image\/","url":"https:\/\/i0.wp.com\/ingenieurbuero-gok.de\/wp-content\/uploads\/2023\/02\/cropped-image-2.jpg?fit=700%2C300&ssl=1","contentUrl":"https:\/\/i0.wp.com\/ingenieurbuero-gok.de\/wp-content\/uploads\/2023\/02\/cropped-image-2.jpg?fit=700%2C300&ssl=1","width":700,"height":300,"caption":"Ingenieurbuero GOK"},"image":{"@id":"https:\/\/ingenieurbuero-gok.de\/#\/schema\/logo\/image\/"}}]}},"jetpack_sharing_enabled":true,"_links":{"self":[{"href":"https:\/\/ingenieurbuero-gok.de\/en\/wp-json\/wp\/v2\/pages\/3570","targetHints":{"allow":["GET"]}}],"collection":[{"href":"https:\/\/ingenieurbuero-gok.de\/en\/wp-json\/wp\/v2\/pages"}],"about":[{"href":"https:\/\/ingenieurbuero-gok.de\/en\/wp-json\/wp\/v2\/types\/page"}],"author":[{"embeddable":true,"href":"https:\/\/ingenieurbuero-gok.de\/en\/wp-json\/wp\/v2\/users\/1"}],"replies":[{"embeddable":true,"href":"https:\/\/ingenieurbuero-gok.de\/en\/wp-json\/wp\/v2\/comments?post=3570"}],"version-history":[{"count":5,"href":"https:\/\/ingenieurbuero-gok.de\/en\/wp-json\/wp\/v2\/pages\/3570\/revisions"}],"predecessor-version":[{"id":5292,"href":"https:\/\/ingenieurbuero-gok.de\/en\/wp-json\/wp\/v2\/pages\/3570\/revisions\/5292"}],"up":[{"embeddable":true,"href":"https:\/\/ingenieurbuero-gok.de\/en\/wp-json\/wp\/v2\/pages\/1242"}],"wp:attachment":[{"href":"https:\/\/ingenieurbuero-gok.de\/en\/wp-json\/wp\/v2\/media?parent=3570"}],"curies":[{"name":"wp","href":"https:\/\/api.w.org\/{rel}","templated":true}]}}